{"id":424,"date":"2026-04-15T17:41:37","date_gmt":"2026-04-15T17:41:37","guid":{"rendered":"https:\/\/lookjob.fr\/?page_id=424"},"modified":"2026-04-15T17:41:37","modified_gmt":"2026-04-15T17:41:37","slug":"qui-nous-sommes","status":"publish","type":"page","link":"https:\/\/lookjob.fr\/index.php\/qui-nous-sommes\/","title":{"rendered":"Qui nous sommes ?"},"content":{"rendered":"<p style=\"text-align: justify;\" align=\"justify\"><strong>Look Job<\/strong>\u00a0est une agence de recrutement d\u00e9di\u00e9e \u00e0 l\u2019<strong>accompagnement des entreprises<\/strong>\u00a0et des talents dans un march\u00e9 du travail en constante \u00e9volution.<\/p>\n<p style=\"text-align: justify;\" align=\"justify\">Nous mettons notre\u00a0<strong>expertise<\/strong>\u00a0au service des organisations pour identifier, attirer et int\u00e9grer les comp\u00e9tences dont elles ont besoin pour se d\u00e9velopper durablement. Notre approche repose sur une\u00a0<strong>parfaite compr\u00e9hension des m\u00e9tiers<\/strong>, des\u00a0<strong>enjeux sectoriels<\/strong>\u00a0et des\u00a0<strong>attentes des candidats<\/strong>.<\/p>\n<p style=\"text-align: justify;\" align=\"justify\">Nous accompagnons \u00e9galement chaque talent dans\u00a0<strong>son parcours professionnel<\/strong>, en lui proposant des\u00a0<strong>opportunit\u00e9s adapt\u00e9es \u00e0 ses comp\u00e9tences<\/strong>, \u00e0 son\u00a0<strong>exp\u00e9rience<\/strong>\u00a0et \u00e0 ses\u00a0<strong>ambitions<\/strong>.<\/p>\n<p style=\"text-align: justify;\" align=\"justify\">Gr\u00e2ce \u00e0 une\u00a0<strong>m\u00e9thodologie rigoureuse et des processus de s\u00e9lection exigeants<\/strong>, nous garantissons des\u00a0<strong>recrutements fiables et pertinents<\/strong>. Notre engagement : assurer une\u00a0<strong>mise en relation efficace<\/strong>,\u00a0<strong>durable<\/strong>\u00a0et<strong>\u00a0cr\u00e9atrice de valeur<\/strong>\u00a0pour toutes les parties.<\/p>\n<h3 class=\"western\" style=\"text-align: justify;\">Nos valeurs<\/h3>\n<ul style=\"text-align: justify;\">\n<li><b><strong>Proximit\u00e9<\/strong>\u00a0:\u00a0<\/b>nous pla\u00e7ons l\u2019humain au c\u0153ur de chaque collaboration en privil\u00e9giant l\u2019\u00e9coute et la compr\u00e9hension des besoins.<\/li>\n<li><b><strong>R\u00e9activit\u00e9<\/strong>\u00a0:\u00a0<\/b>nous nous adaptons rapidement aux \u00e9volutions du march\u00e9 et aux attentes de nos clients et candidats.<\/li>\n<li><b><strong>Professionnalisme<\/strong>\u00a0:\u00a0<\/b>nous agissons avec rigueur, transparence et exigence \u00e0 chaque \u00e9tape du recrutement.<\/li>\n<li><b><strong>Engagement<\/strong>\u00a0:\u00a0<\/b>nous nous investissons pleinement pour garantir des r\u00e9sultats durables et de qualit\u00e9.<\/li>\n<li><b><strong>Confiance<\/strong>\u00a0:\u00a0<\/b>nous construisons des relations solides, bas\u00e9es sur l\u2019int\u00e9grit\u00e9 et la fiabilit\u00e9.<\/li>\n<\/ul>\n<p style=\"text-align: justify;\"><b>Look Job, votre partenaire de confiance pour l\u2019emploi.<\/b><\/p>\n<p style=\"text-align: justify;\">Explorez une multitude d\u2019opportunit\u00e9s professionnelles adapt\u00e9es \u00e0 vos comp\u00e9tences et aspirations.<\/p>\n","protected":false},"excerpt":{"rendered":"<p>Look Job\u00a0est une agence de recrutement d\u00e9di\u00e9e \u00e0 l\u2019accompagnement des entreprises\u00a0et des talents dans un march\u00e9 du travail en constante \u00e9volution. Nous mettons notre\u00a0expertise\u00a0au service des organisations pour identifier, attirer et int\u00e9grer les comp\u00e9tences dont elles ont besoin pour se d\u00e9velopper durablement. Notre approche repose sur une\u00a0parfaite compr\u00e9hension des m\u00e9tiers, des\u00a0enjeux sectoriels\u00a0et des\u00a0attentes des candidats. [&hellip;]<\/p>\n","protected":false},"author":1,"featured_media":0,"parent":0,"menu_order":0,"comment_status":"closed","ping_status":"closed","template":"","meta":{"_et_pb_use_builder":"","_et_pb_old_content":"","_et_gb_content_width":"","footnotes":""},"class_list":["post-424","page","type-page","status-publish","hentry"],"_links":{"self":[{"href":"https:\/\/lookjob.fr\/index.php\/wp-json\/wp\/v2\/pages\/424","targetHints":{"allow":["GET"]}}],"collection":[{"href":"https:\/\/lookjob.fr\/index.php\/wp-json\/wp\/v2\/pages"}],"about":[{"href":"https:\/\/lookjob.fr\/index.php\/wp-json\/wp\/v2\/types\/page"}],"author":[{"embeddable":true,"href":"https:\/\/lookjob.fr\/index.php\/wp-json\/wp\/v2\/users\/1"}],"replies":[{"embeddable":true,"href":"https:\/\/lookjob.fr\/index.php\/wp-json\/wp\/v2\/comments?post=424"}],"version-history":[{"count":1,"href":"https:\/\/lookjob.fr\/index.php\/wp-json\/wp\/v2\/pages\/424\/revisions"}],"predecessor-version":[{"id":425,"href":"https:\/\/lookjob.fr\/index.php\/wp-json\/wp\/v2\/pages\/424\/revisions\/425"}],"wp:attachment":[{"href":"https:\/\/lookjob.fr\/index.php\/wp-json\/wp\/v2\/media?parent=424"}],"curies":[{"name":"wp","href":"https:\/\/api.w.org\/{rel}","templated":true}]}}